{"id":113,"date":"2014-11-19T17:06:38","date_gmt":"2014-11-19T14:06:38","guid":{"rendered":"http:\/\/steaksupply.lt\/?page_id=113"},"modified":"2017-09-11T15:50:29","modified_gmt":"2017-09-11T12:50:29","slug":"kuponai","status":"publish","type":"page","link":"https:\/\/steaksupply.lv\/ru\/kuponai\/","title":{"rendered":"KUPONI"},"content":{"rendered":"<p><img decoding=\"async\" class=\"lojalumas-header\" src=\"http:\/\/steaksupply.lv\/wp-content\/themes\/steakmodern\/img\/kuponai_header.png\" alt=\"logo\" \/><\/p>\n<p style=\"text-align: center; padding: 30px;\"><strong>STEAK SUPPLY<\/strong> dovan\u0173 kuponai \u2013 tai puiki dovana. Kuponus galite \u012fsigyti m\u016bs\u0173 parduotuv\u0117je.<\/p>\n<p><img decoding=\"async\" class=\"lojalumas-header\" src=\"http:\/\/steaksupply.lv\/wp-content\/themes\/steakmodern\/img\/kuponai.png\" alt=\"logo\" \/><\/p>\n","protected":false},"excerpt":{"rendered":"<p>STEAK SUPPLY dovan\u0173 kuponai \u2013 tai puiki dovana. Kuponus galite \u012fsigyti m\u016bs\u0173 parduotuv\u0117je.<\/p>\n","protected":false},"author":1,"featured_media":0,"parent":0,"menu_order":0,"comment_status":"open","ping_status":"open","template":"","meta":{"footnotes":""},"class_list":["post-113","page","type-page","status-publish","hentry"],"_links":{"self":[{"href":"https:\/\/steaksupply.lv\/ru\/wp-json\/wp\/v2\/pages\/113","targetHints":{"allow":["GET"]}}],"collection":[{"href":"https:\/\/steaksupply.lv\/ru\/wp-json\/wp\/v2\/pages"}],"about":[{"href":"https:\/\/steaksupply.lv\/ru\/wp-json\/wp\/v2\/types\/page"}],"author":[{"embeddable":true,"href":"https:\/\/steaksupply.lv\/ru\/wp-json\/wp\/v2\/users\/1"}],"replies":[{"embeddable":true,"href":"https:\/\/steaksupply.lv\/ru\/wp-json\/wp\/v2\/comments?post=113"}],"version-history":[{"count":12,"href":"https:\/\/steaksupply.lv\/ru\/wp-json\/wp\/v2\/pages\/113\/revisions"}],"predecessor-version":[{"id":908,"href":"https:\/\/steaksupply.lv\/ru\/wp-json\/wp\/v2\/pages\/113\/revisions\/908"}],"wp:attachment":[{"href":"https:\/\/steaksupply.lv\/ru\/wp-json\/wp\/v2\/media?parent=113"}],"curies":[{"name":"wp","href":"https:\/\/api.w.org\/{rel}","templated":true}]}}