{"id":192,"date":"2015-06-19T15:07:46","date_gmt":"2015-06-19T12:07:46","guid":{"rendered":"http:\/\/localhost\/synopticom\/steaksupply\/?page_id=192"},"modified":"2016-10-25T15:07:10","modified_gmt":"2016-10-25T12:07:10","slug":"steak-club","status":"publish","type":"page","link":"https:\/\/steaksupply.lv\/ru\/steak-club\/","title":{"rendered":"STEAK CLUB"},"content":{"rendered":"<p>[contact_bank form_id=1 show_title=false]<\/p>\n<p>KAS YRA STEAK CLUB<br \/>\n&#8211; Tai virtuali kaupiamosios nuolaidos \u201cSTEAK CLUB&#8221; nario kortel\u0117.<br \/>\n&#8211; Kvie\u010diame registruotis internetu www.steaksupply.lt\/steakclub arba STEAK SUPPLY parduotuv\u0117se. Prisiregistravus internetu, J\u016bs\u0173 STEAK CLUB nario kortel\u0117 aktyvuojama per 24 valandas. U\u017esiregistravus parduotuv\u0117je \u2013 aktyvuojama i\u0161kart.<br \/>\n&#8211; STEAK CLUB narys identifikuojamas pagal paskutinius registracijos metu nurodyto telefono numerio skai\u010dius.<br \/>\n&#8211; STEAK CLUB narys <strong>gauna 5% kaupiam\u0105j\u0105 nuolaid\u0105 visoms prek\u0117ms<\/strong>. \u0160i nuolaida kaupiama, eurais ir ja galite pasinaudoti, kai J\u016bs\u0173 pirkini\u0173 STEAK SUPPLY parduotuv\u0117se bendra suma pasiekia 100 EUR. Pavyzd\u017eiui, esate pirk\u0119 3 kartus: 1 kart\u0105 u\u017e 45 EUR, antr\u0105 &#8211; 20 EUR, tre\u010di\u0105 55 EUR. J\u016bs\u0173 suma yra 120 EUR. Tai rei\u0161kia, kad sukaup\u0117te 6 EUR vert\u0117s nuolaid\u0105, kuria galite pasinaudoti pirkimo metu ir kaupti nuolaid\u0105 i\u0161 naujo arba kaupti didesn\u0117s vert\u0117s nuolaid\u0105 toliau.<br \/>\nSTEAK CLUB nariams pateiksime ir daugiau \u012fvairi\u0173 pasi\u016blym\u0173 bei privalum\u0173 ateityje.<br \/>\n&#8211; I\u0161samesn\u0117 informacija parduotuv\u0117se, telefonu arba elektroniniu pa\u0161tu: info@steaksupply.lt<\/p>\n<p>Kvie\u010diame tapti STEAK CLUB nariu!<br \/>\nSTEAK SUPPLY KOMANDA<\/p>\n","protected":false},"excerpt":{"rendered":"<p>[contact_bank form_id=1 show_title=false] KAS YRA STEAK CLUB &#8211; Tai virtuali kaupiamosios nuolaidos \u201cSTEAK CLUB&#8221; nario kortel\u0117. &#8211; Kvie\u010diame registruotis internetu www.steaksupply.lt\/steakclub arba STEAK SUPPLY parduotuv\u0117se. Prisiregistravus internetu, J\u016bs\u0173 STEAK CLUB nario kortel\u0117 aktyvuojama per&#46;&#46;&#46;<\/p>\n","protected":false},"author":1,"featured_media":806,"parent":0,"menu_order":0,"comment_status":"closed","ping_status":"closed","template":"","meta":{"footnotes":""},"class_list":["post-192","page","type-page","status-publish","has-post-thumbnail","hentry"],"_links":{"self":[{"href":"https:\/\/steaksupply.lv\/ru\/wp-json\/wp\/v2\/pages\/192","targetHints":{"allow":["GET"]}}],"collection":[{"href":"https:\/\/steaksupply.lv\/ru\/wp-json\/wp\/v2\/pages"}],"about":[{"href":"https:\/\/steaksupply.lv\/ru\/wp-json\/wp\/v2\/types\/page"}],"author":[{"embeddable":true,"href":"https:\/\/steaksupply.lv\/ru\/wp-json\/wp\/v2\/users\/1"}],"replies":[{"embeddable":true,"href":"https:\/\/steaksupply.lv\/ru\/wp-json\/wp\/v2\/comments?post=192"}],"version-history":[{"count":21,"href":"https:\/\/steaksupply.lv\/ru\/wp-json\/wp\/v2\/pages\/192\/revisions"}],"predecessor-version":[{"id":793,"href":"https:\/\/steaksupply.lv\/ru\/wp-json\/wp\/v2\/pages\/192\/revisions\/793"}],"wp:featuredmedia":[{"embeddable":true,"href":"https:\/\/steaksupply.lv\/ru\/wp-json\/wp\/v2\/media\/806"}],"wp:attachment":[{"href":"https:\/\/steaksupply.lv\/ru\/wp-json\/wp\/v2\/media?parent=192"}],"curies":[{"name":"wp","href":"https:\/\/api.w.org\/{rel}","templated":true}]}}